{"id":177,"date":"2021-08-12T10:31:47","date_gmt":"2021-08-12T10:31:47","guid":{"rendered":"https:\/\/ringwald-energieberatung.de\/?page_id=177"},"modified":"2022-04-20T08:12:36","modified_gmt":"2022-04-20T08:12:36","slug":"foerderungen","status":"publish","type":"page","link":"https:\/\/ringwald-energieberatung.de\/index.php\/leistungen\/foerderungen\/","title":{"rendered":"F\u00f6rderungen"},"content":{"rendered":"<p>[et_pb_section fb_built=&#8221;1&#8243; fullwidth=&#8221;on&#8221; _builder_version=&#8221;4.16&#8243; _module_preset=&#8221;default&#8221; background_image=&#8221;https:\/\/ringwald-energieberatung.de\/wp-content\/uploads\/2021\/08\/ringwald-energieberatung_header-foerderungen.jpg&#8221; height=&#8221;500px&#8221; height_tablet=&#8221;&#8221; height_phone=&#8221;270px&#8221; height_last_edited=&#8221;on|phone&#8221; bottom_divider_style=&#8221;slant2&#8243; bottom_divider_color=&#8221;#FFFFFF&#8221; bottom_divider_height=&#8221;70px&#8221; bottom_divider_flip=&#8221;vertical&#8221; global_colors_info=&#8221;{}&#8221;][\/et_pb_section][et_pb_section fb_built=&#8221;1&#8243; admin_label=&#8221;About&#8221; _builder_version=&#8221;4.16&#8243; _module_preset=&#8221;default&#8221; background_color=&#8221;#f3f7f0&#8243; background_enable_image=&#8221;off&#8221; background_position=&#8221;top_center&#8221; custom_margin=&#8221;||0px||false|false&#8221; custom_padding=&#8221;||0px||false|false&#8221; locked=&#8221;off&#8221; global_colors_info=&#8221;{}&#8221;][et_pb_row column_structure=&#8221;1_2,1_2&#8243; _builder_version=&#8221;4.16&#8243; _module_preset=&#8221;default&#8221; global_colors_info=&#8221;{}&#8221;][et_pb_column type=&#8221;1_2&#8243; _builder_version=&#8221;4.16&#8243; _module_preset=&#8221;default&#8221; global_colors_info=&#8221;{}&#8221;][et_pb_text _builder_version=&#8221;4.16&#8243; _module_preset=&#8221;c3c1179e-80e4-4396-b700-51b845e1c46f&#8221; header_font=&#8221;All Round Gothic W05 Book||||||||&#8221; header_text_color=&#8221;#1E5C1A&#8221; header_font_size=&#8221;60px&#8221; header_2_text_color=&#8221;#1E5C1A&#8221; header_2_font_size=&#8221;45px&#8221; custom_margin=&#8221;||50px||false|false&#8221; header_font_size_tablet=&#8221;&#8221; header_font_size_phone=&#8221;32px&#8221; header_font_size_last_edited=&#8221;on|phone&#8221; header_2_font_size_tablet=&#8221;32px&#8221; header_2_font_size_phone=&#8221;20px&#8221; header_2_font_size_last_edited=&#8221;on|phone&#8221; locked=&#8221;off&#8221; global_colors_info=&#8221;{}&#8221;]<\/p>\n<h1 style=\"text-align: left;\">F\u00f6rderungen<\/h1>\n<p>[\/et_pb_text][et_pb_text _builder_version=&#8221;4.16&#8243; _module_preset=&#8221;2e1ca0a8-a515-4ca3-8814-65eea4b82393&#8243; text_font=&#8221;||||||||&#8221; text_text_color=&#8221;#000000&#8243; text_font_size=&#8221;15px&#8221; text_line_height=&#8221;1.8em&#8221; link_font=&#8221;|700|||||||&#8221; link_text_color=&#8221;#71B100&#8243; header_4_text_color=&#8221;#6EBC2A&#8221; header_4_font_size=&#8221;20px&#8221; text_font_size_tablet=&#8221;15px&#8221; text_font_size_phone=&#8221;14px&#8221; text_font_size_last_edited=&#8221;on|desktop&#8221; locked=&#8221;off&#8221; global_colors_info=&#8221;{}&#8221;]<\/p>\n<p>Wir informieren Sie \u00fcber die gesetzlichen Vorgaben der staatlichen F\u00f6rderungen und stellen die Antr\u00e4ge f\u00fcr Sie. Bereits unsere individuelle Energieberatung ist teilweise zuschussf\u00e4hig.<\/p>\n<p>&nbsp;<\/p>\n<h4>Welche F\u00f6rderungen kann ich erhalten?<\/h4>\n<p>Nach Begutachtung und Analyse Ihres Geb\u00e4udes kann Ihr Anliegen durch die BAFA, KFW und regionale F\u00f6rderprogramme gef\u00f6rdert werden.<\/p>\n<p>[\/et_pb_text][\/et_pb_column][et_pb_column type=&#8221;1_2&#8243; _builder_version=&#8221;4.16&#8243; _module_preset=&#8221;default&#8221; global_colors_info=&#8221;{}&#8221;][et_pb_blurb title=&#8221;BAFA&#8221; use_icon=&#8221;on&#8221; font_icon=&#8221;&#x4e;||divi||400&#8243; icon_color=&#8221;#6EBC2A&#8221; icon_placement=&#8221;left&#8221; _builder_version=&#8221;4.16&#8243; _module_preset=&#8221;default&#8221; header_font=&#8221;||||||||&#8221; header_text_color=&#8221;#6EBC2A&#8221; header_font_size=&#8221;20px&#8221; header_line_height=&#8221;1.5em&#8221; body_text_color=&#8221;#000000&#8243; body_font_size=&#8221;15px&#8221; body_line_height=&#8221;1.8em&#8221; custom_margin=&#8221;107px||||false|false&#8221; custom_margin_tablet=&#8221;&#8221; custom_margin_phone=&#8221;0px||||false|false&#8221; custom_margin_last_edited=&#8221;on|phone&#8221; header_font_size_tablet=&#8221;16px&#8221; header_font_size_phone=&#8221;16px&#8221; header_font_size_last_edited=&#8221;on|phone&#8221; global_colors_info=&#8221;{}&#8221;]<\/p>\n<p>Das Bundesamt f\u00fcr Wirtschaft und Ausfuhrkontrolle (BAFA) ist eine sogenannte \u201eBundesoberbeh\u00f6rde\u201c des Bundesministeriums f\u00fcr Wirtschaft und Energie (BMWi). So f\u00f6rdert das BAFA energieeffiziente Techniken sowie Ma\u00dfnahmen zur Energieeinsparung und zur st\u00e4rkeren Nutzung erneuerbarer Energien f\u00fcr die Heizung.<\/p>\n<p>[\/et_pb_blurb][et_pb_blurb title=&#8221;KfW&#8221; use_icon=&#8221;on&#8221; font_icon=&#8221;&#x4e;||divi||400&#8243; icon_color=&#8221;#6EBC2A&#8221; icon_placement=&#8221;left&#8221; _builder_version=&#8221;4.16&#8243; _module_preset=&#8221;default&#8221; header_font=&#8221;||||||||&#8221; header_text_color=&#8221;#4EAC26&#8243; header_font_size=&#8221;20px&#8221; header_line_height=&#8221;1.5em&#8221; body_text_color=&#8221;#000000&#8243; body_font_size=&#8221;15px&#8221; body_line_height=&#8221;1.8em&#8221; header_font_size_tablet=&#8221;16px&#8221; header_font_size_phone=&#8221;16px&#8221; header_font_size_last_edited=&#8221;on|phone&#8221; global_colors_info=&#8221;{}&#8221;]<\/p>\n<p>Die KfW bietet eine Vielzahl von Programmen, die an Privatpersonen vergeben werden und den Wohnungsbau oder die Erneuerung von Wohnraum f\u00f6rdern.<\/p>\n<p>[\/et_pb_blurb][\/et_pb_column][\/et_pb_row][\/et_pb_section][et_pb_section fb_built=&#8221;1&#8243; admin_label=&#8221;Pricing&#8221; _builder_version=&#8221;4.16&#8243; _module_preset=&#8221;default&#8221; background_color=&#8221;#f3f7f0&#8243; background_enable_image=&#8221;off&#8221; background_position=&#8221;top_center&#8221; global_colors_info=&#8221;{}&#8221;][et_pb_row column_structure=&#8221;1_2,1_2&#8243; make_equal=&#8221;on&#8221; custom_padding_last_edited=&#8221;on|phone&#8221; _builder_version=&#8221;4.16&#8243; _module_preset=&#8221;default&#8221; custom_margin_tablet=&#8221;&#8221; custom_margin_phone=&#8221;0px||||false|false&#8221; custom_margin_last_edited=&#8221;on|phone&#8221; custom_padding_tablet=&#8221;&#8221; custom_padding_phone=&#8221;0px||||false|false&#8221; locked=&#8221;off&#8221; global_colors_info=&#8221;{}&#8221;][et_pb_column type=&#8221;1_2&#8243; _builder_version=&#8221;4.16&#8243; _module_preset=&#8221;default&#8221; background_color=&#8221;#1E5C1A&#8221; custom_padding=&#8221;40px|60px|80px|60px|false|true&#8221; custom_padding_tablet=&#8221;|30px||30px|false|true&#8221; custom_padding_phone=&#8221;|20px||20px|false|true&#8221; custom_padding_last_edited=&#8221;on|desktop&#8221; animation_style=&#8221;zoom&#8221; global_colors_info=&#8221;{}&#8221;][et_pb_text _builder_version=&#8221;4.16&#8243; _module_preset=&#8221;9471635f-4d55-44f4-9c8c-d8b240ab9aca&#8221; header_font=&#8221;||||||||&#8221; header_2_text_align=&#8221;left&#8221; header_2_text_color=&#8221;#FFFFFF&#8221; header_2_font_size=&#8221;40px&#8221; header_2_line_height=&#8221;1.2em&#8221; header_3_text_color=&#8221;#FFFFFF&#8221; header_3_font_size=&#8221;35px&#8221; header_3_line_height=&#8221;1.3em&#8221; text_orientation=&#8221;center&#8221; custom_margin_tablet=&#8221;&#8221; custom_margin_phone=&#8221;0px||5px||false|false&#8221; custom_margin_last_edited=&#8221;on|phone&#8221; header_2_font_size_tablet=&#8221;&#8221; header_2_font_size_phone=&#8221;30px&#8221; header_2_font_size_last_edited=&#8221;on|phone&#8221; header_3_font_size_tablet=&#8221;24px&#8221; header_3_font_size_phone=&#8221;18px&#8221; header_3_font_size_last_edited=&#8221;on|phone&#8221; global_colors_info=&#8221;{}&#8221;]<\/p>\n<h2>Was genau kann alles gef\u00f6rdert werden?<\/h2>\n<p>[\/et_pb_text][et_pb_text _builder_version=&#8221;4.16&#8243; _module_preset=&#8221;328ee7ad-ed91-4601-a1e5-70b2dcbbb6a8&#8243; text_font=&#8221;||||||||&#8221; text_text_color=&#8221;#FFFFFF&#8221; text_font_size=&#8221;15px&#8221; text_line_height=&#8221;1.8em&#8221; header_4_text_color=&#8221;#FFFFFF&#8221; header_4_font_size=&#8221;17px&#8221; max_width=&#8221;800px&#8221; text_font_size_tablet=&#8221;15px&#8221; text_font_size_phone=&#8221;14px&#8221; text_font_size_last_edited=&#8221;off|desktop&#8221; locked=&#8221;off&#8221; global_colors_info=&#8221;{}&#8221;]<\/p>\n<p class=\"p1\">Unter anderem gibt es F\u00f6rderungen f\u00fcr Anlagen zur W\u00e4rmeerzeugung, Sanierungsfahrpl\u00e4ne, Baubegleitung, Einzelma\u00dfnahmen an der Geb\u00e4udeh\u00fclle, Anlagentechnik und Heizungsoptimierung.<\/p>\n<p>[\/et_pb_text][et_pb_button button_url=&#8221;https:\/\/ringwald-energieberatung.de\/index.php\/kontakt&#8221; button_text=&#8221;kontaktieren sie uns!&#8221; _builder_version=&#8221;4.16&#8243; _module_preset=&#8221;a8b2ad40-45d8-43e3-8f9a-d0920bb075e9&#8243; custom_button=&#8221;on&#8221; button_text_size=&#8221;13px&#8221; button_text_color=&#8221;#FFFFFF&#8221; button_bg_color=&#8221;#FF781F&#8221; button_border_width=&#8221;0px&#8221; button_border_radius=&#8221;0px&#8221; button_letter_spacing=&#8221;2px&#8221; button_font=&#8221;All Round Gothic W05 Book|||on|||||&#8221; custom_margin=&#8221;40px||||false|false&#8221; custom_padding=&#8221;15px|30px|15px|30px|true|true&#8221; animation_style=&#8221;zoom&#8221; box_shadow_style=&#8221;preset3&#8243; box_shadow_vertical=&#8221;33px&#8221; box_shadow_blur=&#8221;40px&#8221; box_shadow_spread=&#8221;-10px&#8221; box_shadow_color=&#8221;rgba(0,0,0,0.2)&#8221; global_colors_info=&#8221;{}&#8221;][\/et_pb_button][\/et_pb_column][et_pb_column type=&#8221;1_2&#8243; _builder_version=&#8221;4.16&#8243; _module_preset=&#8221;default&#8221; background_color=&#8221;#4EAC26&#8243; custom_padding=&#8221;40px|60px|40px|60px|false|true&#8221; custom_padding_tablet=&#8221;|30px||30px|false|true&#8221; custom_padding_phone=&#8221;|20px||20px|false|true&#8221; custom_padding_last_edited=&#8221;on|desktop&#8221; animation_style=&#8221;zoom&#8221; global_colors_info=&#8221;{}&#8221;][et_pb_text _builder_version=&#8221;4.16&#8243; _module_preset=&#8221;9471635f-4d55-44f4-9c8c-d8b240ab9aca&#8221; header_font=&#8221;||||||||&#8221; header_2_text_align=&#8221;left&#8221; header_2_text_color=&#8221;#FFFFFF&#8221; header_2_font_size=&#8221;40px&#8221; header_2_line_height=&#8221;1.2em&#8221; header_3_text_color=&#8221;#FFFFFF&#8221; header_3_font_size=&#8221;35px&#8221; header_3_line_height=&#8221;1.3em&#8221; text_orientation=&#8221;center&#8221; custom_margin_tablet=&#8221;&#8221; custom_margin_phone=&#8221;||5px||false|false&#8221; custom_margin_last_edited=&#8221;on|phone&#8221; header_2_font_size_tablet=&#8221;&#8221; header_2_font_size_phone=&#8221;30px&#8221; header_2_font_size_last_edited=&#8221;on|phone&#8221; header_3_font_size_tablet=&#8221;24px&#8221; header_3_font_size_phone=&#8221;18px&#8221; header_3_font_size_last_edited=&#8221;on|phone&#8221; global_colors_info=&#8221;{}&#8221;]<\/p>\n<h2>Was muss ich beantragen?<\/h2>\n<p>[\/et_pb_text][et_pb_text _builder_version=&#8221;4.17.1&#8243; _module_preset=&#8221;328ee7ad-ed91-4601-a1e5-70b2dcbbb6a8&#8243; text_font=&#8221;||||||||&#8221; text_text_color=&#8221;#FFFFFF&#8221; text_font_size=&#8221;15px&#8221; text_line_height=&#8221;1.8em&#8221; max_width=&#8221;800px&#8221; hover_enabled=&#8221;0&#8243; text_font_size_tablet=&#8221;15px&#8221; text_font_size_phone=&#8221;14px&#8221; text_font_size_last_edited=&#8221;off|desktop&#8221; locked=&#8221;off&#8221; global_colors_info=&#8221;{}&#8221; sticky_enabled=&#8221;0&#8243;]<\/p>\n<p class=\"p1\"><strong>Wenn Sie uns beauftragen, stellen wir alle Antr\u00e4ge fu\u0308r Sie. <\/strong>F\u00fcr Sie entsteht keine zus\u00e4tzliche Arbeit.<\/p>\n<p class=\"p1\"><strong>Vom Bund k\u00f6nnen Sie eine attraktive F\u00f6rdersumme erhalten.<\/strong><\/p>\n<p class=\"p1\">Sprechen Sie uns einfach an, wir finden f\u00fcr Sie die besten M\u00f6glichkeiten und unterst\u00fctzen Sie im gesamten Prozess.<\/p>\n<p>[\/et_pb_text][\/et_pb_column][\/et_pb_row][\/et_pb_section][et_pb_section fb_built=&#8221;1&#8243; custom_padding_last_edited=&#8221;on|phone&#8221; admin_label=&#8221;Call to Action&#8221; _builder_version=&#8221;4.16&#8243; _module_preset=&#8221;default&#8221; background_color=&#8221;#f3f7f0&#8243; background_enable_image=&#8221;off&#8221; background_size=&#8221;contain&#8221; background_position=&#8221;bottom_center&#8221; z_index=&#8221;1&#8243; custom_margin_tablet=&#8221;&#8221; custom_margin_phone=&#8221;0px||||false|false&#8221; custom_margin_last_edited=&#8221;on|phone&#8221; custom_padding=&#8221;||||false|false&#8221; custom_padding_tablet=&#8221;&#8221; custom_padding_phone=&#8221;0px||||false|false&#8221; saved_tabs=&#8221;all&#8221; global_colors_info=&#8221;{}&#8221;][et_pb_row column_structure=&#8221;3_4,1_4&#8243; custom_padding_last_edited=&#8221;on|phone&#8221; _builder_version=&#8221;4.16&#8243; _module_preset=&#8221;default&#8221; background_color=&#8221;#4EAC26&#8243; custom_margin=&#8221;||-96px||false|false&#8221; custom_padding=&#8221;40px|40px|40px|40px|true|true&#8221; custom_padding_tablet=&#8221;|30px||30px|true|true&#8221; custom_padding_phone=&#8221;20px|20px|20px|20px|true|true&#8221; animation_style=&#8221;zoom&#8221; global_colors_info=&#8221;{}&#8221;][et_pb_column type=&#8221;3_4&#8243; _builder_version=&#8221;4.16&#8243; _module_preset=&#8221;default&#8221; global_colors_info=&#8221;{}&#8221;][et_pb_text _builder_version=&#8221;4.16&#8243; _module_preset=&#8221;c3c1179e-80e4-4396-b700-51b845e1c46f&#8221; header_2_font=&#8221;Tajawal|700|||||||&#8221; header_2_text_color=&#8221;gcid-87ce0c3f-2a7b-40dd-8a42-4148be75d651&#8243; header_2_font_size=&#8221;50px&#8221; header_3_text_color=&#8221;#FFFFFF&#8221; header_3_font_size=&#8221;25px&#8221; header_3_line_height=&#8221;1.4em&#8221; hover_enabled=&#8221;0&#8243; header_2_font_size_tablet=&#8221;32px&#8221; header_2_font_size_phone=&#8221;20px&#8221; header_2_font_size_last_edited=&#8221;on|phone&#8221; global_colors_info=&#8221;{%22gcid-87ce0c3f-2a7b-40dd-8a42-4148be75d651%22:%91%93}&#8221; sticky_enabled=&#8221;0&#8243;]<\/p>\n<h3>Energie sinnvoll nutzen \u2013 erfahren Sie mehr \u00fcber unsere Leistungen!<\/h3>\n<p>[\/et_pb_text][\/et_pb_column][et_pb_column type=&#8221;1_4&#8243; _builder_version=&#8221;4.16&#8243; _module_preset=&#8221;default&#8221; custom_padding=&#8221;30px||||false|false&#8221; custom_padding_tablet=&#8221;0px||||false|false&#8221; custom_padding_phone=&#8221;&#8221; custom_padding_last_edited=&#8221;on|desktop&#8221; global_colors_info=&#8221;{}&#8221;][et_pb_button button_url=&#8221;https:\/\/ringwald-energieberatung.de\/index.php\/leistungen\/&#8221; button_text=&#8221;Mehr erfahren&#8221; _builder_version=&#8221;4.16&#8243; _module_preset=&#8221;a8b2ad40-45d8-43e3-8f9a-d0920bb075e9&#8243; custom_button=&#8221;on&#8221; button_text_size=&#8221;13px&#8221; button_text_color=&#8221;#FFFFFF&#8221; button_bg_color=&#8221;#FF781F&#8221; button_border_width=&#8221;0px&#8221; button_border_radius=&#8221;0px&#8221; button_letter_spacing=&#8221;2px&#8221; button_font=&#8221;All Round Gothic W05 Book|||on|||||&#8221; custom_margin=&#8221;||0px||false|false&#8221; custom_padding=&#8221;15px|30px|15px|30px|true|true&#8221; animation_style=&#8221;zoom&#8221; box_shadow_style=&#8221;preset3&#8243; box_shadow_vertical=&#8221;33px&#8221; box_shadow_blur=&#8221;40px&#8221; box_shadow_spread=&#8221;-10px&#8221; box_shadow_color=&#8221;rgba(0,0,0,0.2)&#8221; global_colors_info=&#8221;{}&#8221;][\/et_pb_button][\/et_pb_column][\/et_pb_row][\/et_pb_section][et_pb_section fb_built=&#8221;1&#8243; admin_label=&#8221;Footer&#8221; _builder_version=&#8221;4.16&#8243; _module_preset=&#8221;default&#8221; background_color=&#8221;#f3f7f0&#8243; background_image=&#8221;https:\/\/ringwald-energieberatung.de\/wp-content\/uploads\/2021\/08\/ringwald-energieberatung_footer-foerderungen.jpg&#8221; background_position=&#8221;bottom_center&#8221; background_repeat=&#8221;repeat&#8221; min_height=&#8221;500px&#8221; min_height_tablet=&#8221;&#8221; min_height_phone=&#8221;&#8221; min_height_last_edited=&#8221;on|phone&#8221; custom_margin=&#8221;||||false|false&#8221; saved_tabs=&#8221;all&#8221; global_colors_info=&#8221;{}&#8221;][\/et_pb_section]<\/p>\n","protected":false},"excerpt":{"rendered":"<p>F\u00f6rderungenWir informieren Sie \u00fcber die gesetzlichen Vorgaben der staatlichen F\u00f6rderungen und stellen die Antr\u00e4ge f\u00fcr Sie. Bereits unsere individuelle Energieberatung ist teilweise zuschussf\u00e4hig. &nbsp; Welche F\u00f6rderungen kann ich erhalten? Nach Begutachtung und Analyse Ihres Geb\u00e4udes kann Ihr Anliegen durch die BAFA, KFW und regionale F\u00f6rderprogramme gef\u00f6rdert werden.Das Bundesamt f\u00fcr Wirtschaft und Ausfuhrkontrolle (BAFA) ist eine [&hellip;]<\/p>\n","protected":false},"author":3,"featured_media":0,"parent":116,"menu_order":0,"comment_status":"closed","ping_status":"closed","template":"","meta":{"_et_pb_use_builder":"on","_et_pb_old_content":"","_et_gb_content_width":"","footnotes":""},"class_list":["post-177","page","type-page","status-publish","hentry"],"yoast_head":"<!-- This site is optimized with the Yoast SEO plugin v20.8 - https:\/\/yoast.com\/wordpress\/plugins\/seo\/ -->\n<title>F\u00f6rderungen - Ringwald Energieberatung<\/title>\n<meta name=\"robots\" content=\"index, follow, max-snippet:-1, max-image-preview:large, max-video-preview:-1\" \/>\n<link rel=\"canonical\" href=\"https:\/\/ringwald-energieberatung.de\/index.php\/leistungen\/foerderungen\/\" \/>\n<meta property=\"og:locale\" content=\"de_DE\" \/>\n<meta property=\"og:type\" content=\"article\" \/>\n<meta property=\"og:title\" content=\"F\u00f6rderungen - Ringwald Energieberatung\" \/>\n<meta property=\"og:description\" content=\"F\u00f6rderungenWir informieren Sie \u00fcber die gesetzlichen Vorgaben der staatlichen F\u00f6rderungen und stellen die Antr\u00e4ge f\u00fcr Sie. Bereits unsere individuelle Energieberatung ist teilweise zuschussf\u00e4hig. &nbsp; Welche F\u00f6rderungen kann ich erhalten? Nach Begutachtung und Analyse Ihres Geb\u00e4udes kann Ihr Anliegen durch die BAFA, KFW und regionale F\u00f6rderprogramme gef\u00f6rdert werden.Das Bundesamt f\u00fcr Wirtschaft und Ausfuhrkontrolle (BAFA) ist eine [&hellip;]\" \/>\n<meta property=\"og:url\" content=\"https:\/\/ringwald-energieberatung.de\/index.php\/leistungen\/foerderungen\/\" \/>\n<meta property=\"og:site_name\" content=\"Ringwald Energieberatung\" \/>\n<meta property=\"article:modified_time\" content=\"2022-04-20T08:12:36+00:00\" \/>\n<meta name=\"twitter:card\" content=\"summary_large_image\" \/>\n<meta name=\"twitter:label1\" content=\"Gesch\u00e4tzte Lesezeit\" \/>\n\t<meta name=\"twitter:data1\" content=\"9\u00a0Minuten\" \/>\n<script type=\"application\/ld+json\" class=\"yoast-schema-graph\">{\"@context\":\"https:\/\/schema.org\",\"@graph\":[{\"@type\":\"WebPage\",\"@id\":\"https:\/\/ringwald-energieberatung.de\/index.php\/leistungen\/foerderungen\/\",\"url\":\"https:\/\/ringwald-energieberatung.de\/index.php\/leistungen\/foerderungen\/\",\"name\":\"F\u00f6rderungen - Ringwald Energieberatung\",\"isPartOf\":{\"@id\":\"https:\/\/ringwald-energieberatung.de\/#website\"},\"datePublished\":\"2021-08-12T10:31:47+00:00\",\"dateModified\":\"2022-04-20T08:12:36+00:00\",\"breadcrumb\":{\"@id\":\"https:\/\/ringwald-energieberatung.de\/index.php\/leistungen\/foerderungen\/#breadcrumb\"},\"inLanguage\":\"de\",\"potentialAction\":[{\"@type\":\"ReadAction\",\"target\":[\"https:\/\/ringwald-energieberatung.de\/index.php\/leistungen\/foerderungen\/\"]}]},{\"@type\":\"BreadcrumbList\",\"@id\":\"https:\/\/ringwald-energieberatung.de\/index.php\/leistungen\/foerderungen\/#breadcrumb\",\"itemListElement\":[{\"@type\":\"ListItem\",\"position\":1,\"name\":\"Startseite\",\"item\":\"https:\/\/ringwald-energieberatung.de\/\"},{\"@type\":\"ListItem\",\"position\":2,\"name\":\"Leistungen\",\"item\":\"https:\/\/ringwald-energieberatung.de\/index.php\/leistungen\/\"},{\"@type\":\"ListItem\",\"position\":3,\"name\":\"F\u00f6rderungen\"}]},{\"@type\":\"WebSite\",\"@id\":\"https:\/\/ringwald-energieberatung.de\/#website\",\"url\":\"https:\/\/ringwald-energieberatung.de\/\",\"name\":\"Ringwald Energieberatung\",\"description\":\"Energie sinnvoll nutzen!\",\"publisher\":{\"@id\":\"https:\/\/ringwald-energieberatung.de\/#organization\"},\"potentialAction\":[{\"@type\":\"SearchAction\",\"target\":{\"@type\":\"EntryPoint\",\"urlTemplate\":\"https:\/\/ringwald-energieberatung.de\/?s={search_term_string}\"},\"query-input\":\"required name=search_term_string\"}],\"inLanguage\":\"de\"},{\"@type\":\"Organization\",\"@id\":\"https:\/\/ringwald-energieberatung.de\/#organization\",\"name\":\"Ringwald Energieberatung\",\"url\":\"https:\/\/ringwald-energieberatung.de\/\",\"logo\":{\"@type\":\"ImageObject\",\"inLanguage\":\"de\",\"@id\":\"https:\/\/ringwald-energieberatung.de\/#\/schema\/logo\/image\/\",\"url\":\"https:\/\/ringwald-energieberatung.de\/wp-content\/uploads\/2021\/08\/Ringwald-Energieberatung_Logo.jpg\",\"contentUrl\":\"https:\/\/ringwald-energieberatung.de\/wp-content\/uploads\/2021\/08\/Ringwald-Energieberatung_Logo.jpg\",\"width\":496,\"height\":224,\"caption\":\"Ringwald Energieberatung\"},\"image\":{\"@id\":\"https:\/\/ringwald-energieberatung.de\/#\/schema\/logo\/image\/\"}}]}<\/script>\n<!-- \/ Yoast SEO plugin. -->","yoast_head_json":{"title":"F\u00f6rderungen - Ringwald Energieberatung","robots":{"index":"index","follow":"follow","max-snippet":"max-snippet:-1","max-image-preview":"max-image-preview:large","max-video-preview":"max-video-preview:-1"},"canonical":"https:\/\/ringwald-energieberatung.de\/index.php\/leistungen\/foerderungen\/","og_locale":"de_DE","og_type":"article","og_title":"F\u00f6rderungen - Ringwald Energieberatung","og_description":"F\u00f6rderungenWir informieren Sie \u00fcber die gesetzlichen Vorgaben der staatlichen F\u00f6rderungen und stellen die Antr\u00e4ge f\u00fcr Sie. Bereits unsere individuelle Energieberatung ist teilweise zuschussf\u00e4hig. &nbsp; Welche F\u00f6rderungen kann ich erhalten? Nach Begutachtung und Analyse Ihres Geb\u00e4udes kann Ihr Anliegen durch die BAFA, KFW und regionale F\u00f6rderprogramme gef\u00f6rdert werden.Das Bundesamt f\u00fcr Wirtschaft und Ausfuhrkontrolle (BAFA) ist eine [&hellip;]","og_url":"https:\/\/ringwald-energieberatung.de\/index.php\/leistungen\/foerderungen\/","og_site_name":"Ringwald Energieberatung","article_modified_time":"2022-04-20T08:12:36+00:00","twitter_card":"summary_large_image","twitter_misc":{"Gesch\u00e4tzte Lesezeit":"9\u00a0Minuten"},"schema":{"@context":"https:\/\/schema.org","@graph":[{"@type":"WebPage","@id":"https:\/\/ringwald-energieberatung.de\/index.php\/leistungen\/foerderungen\/","url":"https:\/\/ringwald-energieberatung.de\/index.php\/leistungen\/foerderungen\/","name":"F\u00f6rderungen - Ringwald Energieberatung","isPartOf":{"@id":"https:\/\/ringwald-energieberatung.de\/#website"},"datePublished":"2021-08-12T10:31:47+00:00","dateModified":"2022-04-20T08:12:36+00:00","breadcrumb":{"@id":"https:\/\/ringwald-energieberatung.de\/index.php\/leistungen\/foerderungen\/#breadcrumb"},"inLanguage":"de","potentialAction":[{"@type":"ReadAction","target":["https:\/\/ringwald-energieberatung.de\/index.php\/leistungen\/foerderungen\/"]}]},{"@type":"BreadcrumbList","@id":"https:\/\/ringwald-energieberatung.de\/index.php\/leistungen\/foerderungen\/#breadcrumb","itemListElement":[{"@type":"ListItem","position":1,"name":"Startseite","item":"https:\/\/ringwald-energieberatung.de\/"},{"@type":"ListItem","position":2,"name":"Leistungen","item":"https:\/\/ringwald-energieberatung.de\/index.php\/leistungen\/"},{"@type":"ListItem","position":3,"name":"F\u00f6rderungen"}]},{"@type":"WebSite","@id":"https:\/\/ringwald-energieberatung.de\/#website","url":"https:\/\/ringwald-energieberatung.de\/","name":"Ringwald Energieberatung","description":"Energie sinnvoll nutzen!","publisher":{"@id":"https:\/\/ringwald-energieberatung.de\/#organization"},"potentialAction":[{"@type":"SearchAction","target":{"@type":"EntryPoint","urlTemplate":"https:\/\/ringwald-energieberatung.de\/?s={search_term_string}"},"query-input":"required name=search_term_string"}],"inLanguage":"de"},{"@type":"Organization","@id":"https:\/\/ringwald-energieberatung.de\/#organization","name":"Ringwald Energieberatung","url":"https:\/\/ringwald-energieberatung.de\/","logo":{"@type":"ImageObject","inLanguage":"de","@id":"https:\/\/ringwald-energieberatung.de\/#\/schema\/logo\/image\/","url":"https:\/\/ringwald-energieberatung.de\/wp-content\/uploads\/2021\/08\/Ringwald-Energieberatung_Logo.jpg","contentUrl":"https:\/\/ringwald-energieberatung.de\/wp-content\/uploads\/2021\/08\/Ringwald-Energieberatung_Logo.jpg","width":496,"height":224,"caption":"Ringwald Energieberatung"},"image":{"@id":"https:\/\/ringwald-energieberatung.de\/#\/schema\/logo\/image\/"}}]}},"_links":{"self":[{"href":"https:\/\/ringwald-energieberatung.de\/index.php\/wp-json\/wp\/v2\/pages\/177","targetHints":{"allow":["GET"]}}],"collection":[{"href":"https:\/\/ringwald-energieberatung.de\/index.php\/wp-json\/wp\/v2\/pages"}],"about":[{"href":"https:\/\/ringwald-energieberatung.de\/index.php\/wp-json\/wp\/v2\/types\/page"}],"author":[{"embeddable":true,"href":"https:\/\/ringwald-energieberatung.de\/index.php\/wp-json\/wp\/v2\/users\/3"}],"replies":[{"embeddable":true,"href":"https:\/\/ringwald-energieberatung.de\/index.php\/wp-json\/wp\/v2\/comments?post=177"}],"version-history":[{"count":22,"href":"https:\/\/ringwald-energieberatung.de\/index.php\/wp-json\/wp\/v2\/pages\/177\/revisions"}],"predecessor-version":[{"id":556,"href":"https:\/\/ringwald-energieberatung.de\/index.php\/wp-json\/wp\/v2\/pages\/177\/revisions\/556"}],"up":[{"embeddable":true,"href":"https:\/\/ringwald-energieberatung.de\/index.php\/wp-json\/wp\/v2\/pages\/116"}],"wp:attachment":[{"href":"https:\/\/ringwald-energieberatung.de\/index.php\/wp-json\/wp\/v2\/media?parent=177"}],"curies":[{"name":"wp","href":"https:\/\/api.w.org\/{rel}","templated":true}]}}