{"id":229,"date":"2021-08-12T11:58:43","date_gmt":"2021-08-12T11:58:43","guid":{"rendered":"https:\/\/ringwald-energieberatung.de\/?page_id=229"},"modified":"2021-10-12T09:08:37","modified_gmt":"2021-10-12T09:08:37","slug":"kompetenzen","status":"publish","type":"page","link":"https:\/\/ringwald-energieberatung.de\/index.php\/kompetenzen\/","title":{"rendered":"Kompetenzen"},"content":{"rendered":"<p>[et_pb_section fb_built=&#8221;1&#8243; fullwidth=&#8221;on&#8221; _builder_version=&#8221;4.9.10&#8243; _module_preset=&#8221;default&#8221; background_image=&#8221;https:\/\/ringwald-energieberatung.de\/wp-content\/uploads\/2021\/08\/ringwald-energieberatung_header-kompetenzen.jpg&#8221; height=&#8221;500px&#8221; height_tablet=&#8221;&#8221; height_phone=&#8221;270px&#8221; height_last_edited=&#8221;on|phone&#8221; bottom_divider_style=&#8221;slant2&#8243; bottom_divider_color=&#8221;#FFFFFF&#8221; bottom_divider_height=&#8221;70px&#8221; bottom_divider_flip=&#8221;vertical&#8221;][\/et_pb_section][et_pb_section fb_built=&#8221;1&#8243; admin_label=&#8221;About&#8221; _builder_version=&#8221;4.9.4&#8243; _module_preset=&#8221;default&#8221; background_color=&#8221;#f3f7f0&#8243; background_enable_image=&#8221;off&#8221; background_position=&#8221;top_center&#8221;][et_pb_row _builder_version=&#8221;4.9.4&#8243; _module_preset=&#8221;default&#8221;][et_pb_column type=&#8221;4_4&#8243; _builder_version=&#8221;4.9.4&#8243; _module_preset=&#8221;default&#8221;][et_pb_text _builder_version=&#8221;4.9.10&#8243; _module_preset=&#8221;b0bf5418-994a-43d1-aef8-7d7c6764119d&#8221; header_font=&#8221;All Round Gothic W05 Book||||||||&#8221; header_text_align=&#8221;center&#8221; header_text_color=&#8221;#1E5C1A&#8221; header_font_size=&#8221;60px&#8221; header_2_text_color=&#8221;#1E5C1A&#8221; header_2_font_size=&#8221;45px&#8221; animation_style=&#8221;zoom&#8221; header_font_size_tablet=&#8221;50px&#8221; header_font_size_phone=&#8221;32px&#8221; header_font_size_last_edited=&#8221;on|phone&#8221; locked=&#8221;off&#8221;]<\/p>\n<h1>Kompetenzen<\/h1>\n<p>[\/et_pb_text][\/et_pb_column][\/et_pb_row][et_pb_row column_structure=&#8221;1_2,1_2&#8243; _builder_version=&#8221;4.9.10&#8243; _module_preset=&#8221;default&#8221; custom_margin=&#8221;||40px||false|false&#8221;][et_pb_column type=&#8221;1_2&#8243; _builder_version=&#8221;4.9.4&#8243; _module_preset=&#8221;default&#8221;][et_pb_image src=&#8221;https:\/\/ringwald-energieberatung.de\/wp-content\/uploads\/2021\/09\/ringwald-energieberatung_kompetenzen-cr.jpg&#8221; alt=&#8221;Ringwald Energieberatung | Christian Ringwald&#8221; title_text=&#8221;ringwald-energieberatung_kompetenzen-cr&#8221; _builder_version=&#8221;4.9.10&#8243; _module_preset=&#8221;default&#8221;][\/et_pb_image][et_pb_text _builder_version=&#8221;4.9.10&#8243; _module_preset=&#8221;default&#8221; text_text_color=&#8221;#7f7f7f&#8221; text_line_height=&#8221;1.5em&#8221; header_3_font=&#8221;|300||on|||||&#8221; header_3_text_color=&#8221;#4EAC26&#8243; header_3_font_size=&#8221;14px&#8221; header_3_letter_spacing=&#8221;1px&#8221;]<\/p>\n<h3>Christian Ringwald<\/h3>\n<p>Gepr\u00fcfter, unabh\u00e4ngiger Energieberater und <span>bevollm\u00e4chtigter Bezirksschornsteinfeger<\/span><\/p>\n<p>[\/et_pb_text][\/et_pb_column][et_pb_column type=&#8221;1_2&#8243; _builder_version=&#8221;4.9.4&#8243; _module_preset=&#8221;default&#8221;][et_pb_text _builder_version=&#8221;4.9.10&#8243; _module_preset=&#8221;2e1ca0a8-a515-4ca3-8814-65eea4b82393&#8243; text_font=&#8221;||||||||&#8221; text_text_color=&#8221;#000000&#8243; text_font_size=&#8221;15px&#8221; text_line_height=&#8221;1.8em&#8221; link_font=&#8221;|700|||||||&#8221; link_text_color=&#8221;#71B100&#8243; hover_enabled=&#8221;0&#8243; text_font_size_tablet=&#8221;15px&#8221; text_font_size_phone=&#8221;14px&#8221; text_font_size_last_edited=&#8221;on|desktop&#8221; locked=&#8221;off&#8221; sticky_enabled=&#8221;0&#8243;]<\/p>\n<p>Durch meine \u00fcber 20-j\u00e4hrige Erfahrung als Schornsteinfeger habe ich umfassende M\u00f6glichkeiten im Bereich des Energiesparens kennengelernt. Dieses Wissen, das ich durch unz\u00e4hlige Heizungsaustausche immer wieder auf modernste, energieeffiziente Analagetechnik optimierte H\u00e4user in Kombination mit regenerativen Energien erworben habe, flie\u00dft in meine Energiekonzepte ein.<\/p>\n<p>Aus meinen Erfahrungswerten leiten sich nat\u00fcrlich auch Sicherheitsfaktoren und Aspekte des Umweltschutzes ab. Die Weiterentwicklung in eine sinnvolle Energieberatung ist daher mein konsequenter Beitrag zum Thema Nachhaltigkeit. Als Schornsteinfegermeister biete ich Messdienstleistungen, Feststoffmessungen, Dichtheitspr\u00fcfungen, Gashausschau und vieles mehr an.<\/p>\n<p><strong>Gerne sprechen Sie mich auch hierzu an.<\/strong><\/p>\n<p>[\/et_pb_text][\/et_pb_column][\/et_pb_row][et_pb_row make_equal=&#8221;on&#8221; custom_padding_last_edited=&#8221;on|phone&#8221; _builder_version=&#8221;4.9.10&#8243; _module_preset=&#8221;default&#8221; custom_padding_tablet=&#8221;&#8221; custom_padding_phone=&#8221;0px||||false|false&#8221; locked=&#8221;off&#8221;][et_pb_column type=&#8221;4_4&#8243; _builder_version=&#8221;4.9.10&#8243; _module_preset=&#8221;default&#8221; background_color=&#8221;#1E5C1A&#8221; custom_padding=&#8221;40px|60px|40px|60px|false|true&#8221; custom_padding_tablet=&#8221;|30px||30px|false|true&#8221; custom_padding_phone=&#8221;|20px||20px|false|true&#8221; custom_padding_last_edited=&#8221;on|desktop&#8221; animation_style=&#8221;zoom&#8221;][et_pb_text _builder_version=&#8221;4.9.10&#8243; _module_preset=&#8221;9471635f-4d55-44f4-9c8c-d8b240ab9aca&#8221; header_font=&#8221;||||||||&#8221; header_2_text_align=&#8221;left&#8221; header_2_text_color=&#8221;#FFFFFF&#8221; header_2_font_size=&#8221;40px&#8221; header_3_text_color=&#8221;#FFFFFF&#8221; header_3_font_size=&#8221;35px&#8221; header_3_line_height=&#8221;1.3em&#8221; text_orientation=&#8221;center&#8221; header_2_font_size_tablet=&#8221;&#8221; header_2_font_size_phone=&#8221;30px&#8221; header_2_font_size_last_edited=&#8221;on|phone&#8221; header_3_font_size_tablet=&#8221;24px&#8221; header_3_font_size_phone=&#8221;18px&#8221; header_3_font_size_last_edited=&#8221;on|phone&#8221;]<\/p>\n<h2>H\u00e4ufige Fragen an einen Schornsteinfeger<\/h2>\n<p>[\/et_pb_text][et_pb_text _builder_version=&#8221;4.9.10&#8243; _module_preset=&#8221;328ee7ad-ed91-4601-a1e5-70b2dcbbb6a8&#8243; text_font=&#8221;||||||||&#8221; text_text_color=&#8221;#FFFFFF&#8221; text_line_height=&#8221;1.8em&#8221; header_4_text_color=&#8221;#FFFFFF&#8221; header_4_font_size=&#8221;17px&#8221; max_width=&#8221;800px&#8221; text_font_size_tablet=&#8221;15px&#8221; text_font_size_phone=&#8221;14px&#8221; text_font_size_last_edited=&#8221;off|desktop&#8221; header_4_line_height_tablet=&#8221;&#8221; header_4_line_height_phone=&#8221;1.4em&#8221; header_4_line_height_last_edited=&#8221;on|phone&#8221; locked=&#8221;off&#8221;]<\/p>\n<h4 class=\"p1\"><strong>Wie oft kommt der Schornsteinfeger?<\/strong><\/h4>\n<p>Das h\u00e4ngt unter anderem vom Brennstoff der jeweiligen Heizungsart und den gesetzlichen Bestimmungen ab.<\/p>\n<p class=\"p1\"><strong><\/strong><\/p>\n<h4 class=\"p1\"><strong>Holz<\/strong><\/h4>\n<p class=\"p1\">Auch die H\u00e4ufigkeit der Kehrarbeiten bei Holzkaminen kann variieren und wird hier durch die H\u00e4ufigkeit der Nutzung bestimmt. Wenn der Schornstein stark verschmutzt ist, kann der Schornsteinfeger den Putzintervall durch eine Zusatzreinigung verku\u0308rzen.<\/p>\n<p class=\"p1\"><strong><\/strong><\/p>\n<h4 class=\"p1\"><strong>Messen (Abgaswege)<\/strong><\/h4>\n<p class=\"p1\">CO \/ BimSch \u2013\u00a0 Ob wir j\u00e4hrlich kommen oder nur alle 2-3 Jahre, h\u00e4ngt von der Art Ihrer Heizungsanlage und dem Brennstoff ab.<\/p>\n<p class=\"p1\"><strong><\/strong><\/p>\n<h4 class=\"p1\"><strong>Feststoffmessung<\/strong><\/h4>\n<p>Wird in der Regel alle zwei Jahre durchgef\u00fchrt, auch hier kommt es auf die Leistung, das Baujahr und die Art der Anlage an.<\/p>\n<p class=\"p1\"><strong><\/strong><\/p>\n<h4 class=\"p1\"><strong>Feuerst\u00e4ttenschau<\/strong><\/h4>\n<p class=\"p1\">Die Feuerst\u00e4ttenschau muss vom bevollm\u00e4chtigten Schornsteinfeger innerhalb von sieben Jahren zwei mal durchgefu\u0308hrt werden. Daraus ergibt sich in der Regel ein Turnus von jeweils drei und vier Jahren im Wechsel.<\/p>\n<p>[\/et_pb_text][\/et_pb_column][\/et_pb_row][\/et_pb_section][et_pb_section fb_built=&#8221;1&#8243; admin_label=&#8221;Testimonials&#8221; _builder_version=&#8221;4.9.10&#8243; _module_preset=&#8221;default&#8221; background_color=&#8221;#f3f7f0&#8243; custom_margin=&#8221;0px||||false|false&#8221; custom_padding=&#8221;0px||||false|false&#8221;][et_pb_row _builder_version=&#8221;4.9.10&#8243; _module_preset=&#8221;default&#8221; animation_style=&#8221;zoom&#8221;][et_pb_column type=&#8221;4_4&#8243; _builder_version=&#8221;4.9.4&#8243; _module_preset=&#8221;default&#8221;][et_pb_text _builder_version=&#8221;4.9.10&#8243; _module_preset=&#8221;c3c1179e-80e4-4396-b700-51b845e1c46f&#8221; header_2_text_color=&#8221;#1E5C1A&#8221; header_2_font_size=&#8221;45px&#8221; custom_margin=&#8221;0px||||false|false&#8221; header_2_font_size_tablet=&#8221;32px&#8221; header_2_font_size_phone=&#8221;20px&#8221; header_2_font_size_last_edited=&#8221;on|phone&#8221; locked=&#8221;off&#8221;]<\/p>\n<h2>Das sagen unsere Kunden<\/h2>\n<p>[\/et_pb_text][\/et_pb_column][\/et_pb_row][et_pb_row column_structure=&#8221;1_2,1_2&#8243; _builder_version=&#8221;4.9.4&#8243; _module_preset=&#8221;default&#8221;][et_pb_column type=&#8221;1_2&#8243; _builder_version=&#8221;4.9.4&#8243; _module_preset=&#8221;default&#8221;][et_pb_image src=&#8221;https:\/\/ringwald-energieberatung.de\/wp-content\/uploads\/2021\/08\/sterne-gelb.png&#8221; title_text=&#8221;sterne-gelb&#8221; _builder_version=&#8221;4.9.10&#8243; _module_preset=&#8221;default&#8221;][\/et_pb_image][et_pb_testimonial author=&#8221;Handwerksbetrieb F.&#8221; quote_icon=&#8221;off&#8221; _builder_version=&#8221;4.9.10&#8243; _module_preset=&#8221;default&#8221; body_text_color=&#8221;#000000&#8243; body_font_size=&#8221;16px&#8221; body_line_height=&#8221;1.8em&#8221; author_font=&#8221;All Round Gothic W05 Book|700||on|||||&#8221; author_text_color=&#8221;#1E5C1A&#8221; author_font_size=&#8221;13px&#8221; author_letter_spacing=&#8221;3px&#8221; author_line_height=&#8221;0em&#8221; use_background_color=&#8221;off&#8221; custom_padding=&#8221;0px||||false|false&#8221; body_font_size_tablet=&#8221;16px&#8221; body_font_size_phone=&#8221;14px&#8221; body_font_size_last_edited=&#8221;on|phone&#8221; global_colors_info=&#8221;{%22gcid-87ce0c3f-2a7b-40dd-8a42-4148be75d651%22:%91%93}&#8221;]<\/p>\n<p>Wir arbeiten schon l\u00e4nger mit Herrn Ringwald zusammen. Alles bestens, wir sind sehr zufrieden.<\/p>\n<p>[\/et_pb_testimonial][\/et_pb_column][et_pb_column type=&#8221;1_2&#8243; _builder_version=&#8221;4.9.4&#8243; _module_preset=&#8221;default&#8221;][et_pb_image src=&#8221;https:\/\/ringwald-energieberatung.de\/wp-content\/uploads\/2021\/08\/sterne-gelb.png&#8221; title_text=&#8221;sterne-gelb&#8221; _builder_version=&#8221;4.9.10&#8243; _module_preset=&#8221;default&#8221; locked=&#8221;off&#8221;][\/et_pb_image][et_pb_testimonial author=&#8221;Gerd S. aus Freiburg&#8221; quote_icon=&#8221;off&#8221; _builder_version=&#8221;4.9.10&#8243; _module_preset=&#8221;default&#8221; body_text_color=&#8221;#000000&#8243; body_font_size=&#8221;16px&#8221; body_line_height=&#8221;1.8em&#8221; author_font=&#8221;All Round Gothic W05 Book|700||on|||||&#8221; author_text_color=&#8221;#1E5C1A&#8221; author_font_size=&#8221;13px&#8221; author_letter_spacing=&#8221;3px&#8221; author_line_height=&#8221;0em&#8221; use_background_color=&#8221;off&#8221; custom_padding=&#8221;0px||||false|false&#8221; body_font_size_tablet=&#8221;16px&#8221; body_font_size_phone=&#8221;14px&#8221; body_font_size_last_edited=&#8221;on|phone&#8221; global_colors_info=&#8221;{%22gcid-87ce0c3f-2a7b-40dd-8a42-4148be75d651%22:%91%93}&#8221;]<\/p>\n<p>Klasse Beratung, schnelle und zuverl\u00e4ssige Arbeit. Vielen Dank f\u00fcr die Unterst\u00fctzung!<\/p>\n<p>[\/et_pb_testimonial][\/et_pb_column][\/et_pb_row][\/et_pb_section][et_pb_section fb_built=&#8221;1&#8243; custom_padding_last_edited=&#8221;on|phone&#8221; admin_label=&#8221;Call to Action&#8221; _builder_version=&#8221;4.9.10&#8243; _module_preset=&#8221;default&#8221; background_color=&#8221;#f3f7f0&#8243; background_enable_image=&#8221;off&#8221; background_size=&#8221;contain&#8221; background_position=&#8221;bottom_center&#8221; z_index=&#8221;1&#8243; custom_margin_tablet=&#8221;&#8221; custom_margin_phone=&#8221;0px||||false|false&#8221; custom_margin_last_edited=&#8221;on|phone&#8221; custom_padding=&#8221;||||false|false&#8221; custom_padding_tablet=&#8221;&#8221; custom_padding_phone=&#8221;0px||||false|false&#8221; saved_tabs=&#8221;all&#8221;][et_pb_row column_structure=&#8221;3_4,1_4&#8243; custom_padding_last_edited=&#8221;on|phone&#8221; _builder_version=&#8221;4.9.10&#8243; _module_preset=&#8221;default&#8221; background_color=&#8221;#4EAC26&#8243; custom_margin=&#8221;||-96px||false|false&#8221; custom_padding=&#8221;40px|40px|40px|40px|true|true&#8221; custom_padding_tablet=&#8221;|30px||30px|true|true&#8221; custom_padding_phone=&#8221;20px|20px|20px|20px|true|true&#8221; animation_style=&#8221;zoom&#8221;][et_pb_column type=&#8221;3_4&#8243; _builder_version=&#8221;4.9.4&#8243; _module_preset=&#8221;default&#8221;][et_pb_text _builder_version=&#8221;4.9.10&#8243; _module_preset=&#8221;c3c1179e-80e4-4396-b700-51b845e1c46f&#8221; header_2_font=&#8221;Tajawal|700|||||||&#8221; header_2_text_color=&#8221;gcid-87ce0c3f-2a7b-40dd-8a42-4148be75d651&#8243; header_2_font_size=&#8221;50px&#8221; header_3_text_color=&#8221;#FFFFFF&#8221; header_3_font_size=&#8221;35px&#8221; header_3_line_height=&#8221;1.4em&#8221; header_2_font_size_tablet=&#8221;32px&#8221; header_2_font_size_phone=&#8221;20px&#8221; header_2_font_size_last_edited=&#8221;on|phone&#8221; header_3_font_size_tablet=&#8221;&#8221; header_3_font_size_phone=&#8221;25px&#8221; header_3_font_size_last_edited=&#8221;on|phone&#8221; global_colors_info=&#8221;{%22gcid-87ce0c3f-2a7b-40dd-8a42-4148be75d651%22:%91%93}&#8221;]<\/p>\n<h3>Sie haben Interesse an unseren Leistungen? Nehmen Sie jetzt Kontakt mit uns auf!<\/h3>\n<p>[\/et_pb_text][\/et_pb_column][et_pb_column type=&#8221;1_4&#8243; _builder_version=&#8221;4.9.4&#8243; _module_preset=&#8221;default&#8221; custom_padding=&#8221;30px||||false|false&#8221; custom_padding_tablet=&#8221;0px||||false|false&#8221; custom_padding_phone=&#8221;&#8221; custom_padding_last_edited=&#8221;on|desktop&#8221;][et_pb_button button_url=&#8221;https:\/\/ringwald-energieberatung.de\/index.php\/kontakt\/&#8221; button_text=&#8221;Mehr erfahren&#8221; _builder_version=&#8221;4.9.10&#8243; _module_preset=&#8221;a8b2ad40-45d8-43e3-8f9a-d0920bb075e9&#8243; custom_button=&#8221;on&#8221; button_text_size=&#8221;13px&#8221; button_text_color=&#8221;#FFFFFF&#8221; button_bg_color=&#8221;#FF781F&#8221; button_border_width=&#8221;0px&#8221; button_border_radius=&#8221;0px&#8221; button_letter_spacing=&#8221;2px&#8221; button_font=&#8221;All Round Gothic W05 Book|||on|||||&#8221; custom_margin=&#8221;||0px||false|false&#8221; custom_padding=&#8221;15px|30px|15px|30px|true|true&#8221; animation_style=&#8221;zoom&#8221; box_shadow_style=&#8221;preset3&#8243; box_shadow_vertical=&#8221;33px&#8221; box_shadow_blur=&#8221;40px&#8221; box_shadow_spread=&#8221;-10px&#8221; box_shadow_color=&#8221;rgba(0,0,0,0.2)&#8221;][\/et_pb_button][\/et_pb_column][\/et_pb_row][\/et_pb_section][et_pb_section fb_built=&#8221;1&#8243; admin_label=&#8221;Footer&#8221; _builder_version=&#8221;4.9.10&#8243; _module_preset=&#8221;default&#8221; background_color=&#8221;#f3f7f0&#8243; background_image=&#8221;https:\/\/ringwald-energieberatung.de\/wp-content\/uploads\/2021\/08\/ringwald-energieberatung_footer-startseite.jpg&#8221; background_repeat=&#8221;repeat&#8221; min_height=&#8221;500px&#8221; min_height_tablet=&#8221;&#8221; min_height_phone=&#8221;&#8221; min_height_last_edited=&#8221;on|phone&#8221; custom_margin=&#8221;||||false|false&#8221; saved_tabs=&#8221;all&#8221;][\/et_pb_section]<\/p>\n","protected":false},"excerpt":{"rendered":"<p>KompetenzenChristian Ringwald Gepr\u00fcfter, unabh\u00e4ngiger Energieberater und bevollm\u00e4chtigter BezirksschornsteinfegerDurch meine \u00fcber 20-j\u00e4hrige Erfahrung als Schornsteinfeger habe ich umfassende M\u00f6glichkeiten im Bereich des Energiesparens kennengelernt. Dieses Wissen, das ich durch unz\u00e4hlige Heizungsaustausche immer wieder auf modernste, energieeffiziente Analagetechnik optimierte H\u00e4user in Kombination mit regenerativen Energien erworben habe, flie\u00dft in meine Energiekonzepte ein. Aus meinen Erfahrungswerten leiten sich [&hellip;]<\/p>\n","protected":false},"author":3,"featured_media":0,"parent":0,"menu_order":0,"comment_status":"closed","ping_status":"closed","template":"","meta":{"_et_pb_use_builder":"on","_et_pb_old_content":"","_et_gb_content_width":"","footnotes":""},"class_list":["post-229","page","type-page","status-publish","hentry"],"yoast_head":"<!-- This site is optimized with the Yoast SEO plugin v20.8 - https:\/\/yoast.com\/wordpress\/plugins\/seo\/ -->\n<title>Kompetenzen - Ringwald Energieberatung<\/title>\n<meta name=\"robots\" content=\"index, follow, max-snippet:-1, max-image-preview:large, max-video-preview:-1\" \/>\n<link rel=\"canonical\" href=\"https:\/\/ringwald-energieberatung.de\/index.php\/kompetenzen\/\" \/>\n<meta property=\"og:locale\" content=\"de_DE\" \/>\n<meta property=\"og:type\" content=\"article\" \/>\n<meta property=\"og:title\" content=\"Kompetenzen - Ringwald Energieberatung\" \/>\n<meta property=\"og:description\" content=\"KompetenzenChristian Ringwald Gepr\u00fcfter, unabh\u00e4ngiger Energieberater und bevollm\u00e4chtigter BezirksschornsteinfegerDurch meine \u00fcber 20-j\u00e4hrige Erfahrung als Schornsteinfeger habe ich umfassende M\u00f6glichkeiten im Bereich des Energiesparens kennengelernt. Dieses Wissen, das ich durch unz\u00e4hlige Heizungsaustausche immer wieder auf modernste, energieeffiziente Analagetechnik optimierte H\u00e4user in Kombination mit regenerativen Energien erworben habe, flie\u00dft in meine Energiekonzepte ein. Aus meinen Erfahrungswerten leiten sich [&hellip;]\" \/>\n<meta property=\"og:url\" content=\"https:\/\/ringwald-energieberatung.de\/index.php\/kompetenzen\/\" \/>\n<meta property=\"og:site_name\" content=\"Ringwald Energieberatung\" \/>\n<meta property=\"article:modified_time\" content=\"2021-10-12T09:08:37+00:00\" \/>\n<meta name=\"twitter:card\" content=\"summary_large_image\" \/>\n<meta name=\"twitter:label1\" content=\"Gesch\u00e4tzte Lesezeit\" \/>\n\t<meta name=\"twitter:data1\" content=\"9\u00a0Minuten\" \/>\n<script type=\"application\/ld+json\" class=\"yoast-schema-graph\">{\"@context\":\"https:\/\/schema.org\",\"@graph\":[{\"@type\":\"WebPage\",\"@id\":\"https:\/\/ringwald-energieberatung.de\/index.php\/kompetenzen\/\",\"url\":\"https:\/\/ringwald-energieberatung.de\/index.php\/kompetenzen\/\",\"name\":\"Kompetenzen - Ringwald Energieberatung\",\"isPartOf\":{\"@id\":\"https:\/\/ringwald-energieberatung.de\/#website\"},\"datePublished\":\"2021-08-12T11:58:43+00:00\",\"dateModified\":\"2021-10-12T09:08:37+00:00\",\"breadcrumb\":{\"@id\":\"https:\/\/ringwald-energieberatung.de\/index.php\/kompetenzen\/#breadcrumb\"},\"inLanguage\":\"de\",\"potentialAction\":[{\"@type\":\"ReadAction\",\"target\":[\"https:\/\/ringwald-energieberatung.de\/index.php\/kompetenzen\/\"]}]},{\"@type\":\"BreadcrumbList\",\"@id\":\"https:\/\/ringwald-energieberatung.de\/index.php\/kompetenzen\/#breadcrumb\",\"itemListElement\":[{\"@type\":\"ListItem\",\"position\":1,\"name\":\"Startseite\",\"item\":\"https:\/\/ringwald-energieberatung.de\/\"},{\"@type\":\"ListItem\",\"position\":2,\"name\":\"Kompetenzen\"}]},{\"@type\":\"WebSite\",\"@id\":\"https:\/\/ringwald-energieberatung.de\/#website\",\"url\":\"https:\/\/ringwald-energieberatung.de\/\",\"name\":\"Ringwald Energieberatung\",\"description\":\"Energie sinnvoll nutzen!\",\"publisher\":{\"@id\":\"https:\/\/ringwald-energieberatung.de\/#organization\"},\"potentialAction\":[{\"@type\":\"SearchAction\",\"target\":{\"@type\":\"EntryPoint\",\"urlTemplate\":\"https:\/\/ringwald-energieberatung.de\/?s={search_term_string}\"},\"query-input\":\"required name=search_term_string\"}],\"inLanguage\":\"de\"},{\"@type\":\"Organization\",\"@id\":\"https:\/\/ringwald-energieberatung.de\/#organization\",\"name\":\"Ringwald Energieberatung\",\"url\":\"https:\/\/ringwald-energieberatung.de\/\",\"logo\":{\"@type\":\"ImageObject\",\"inLanguage\":\"de\",\"@id\":\"https:\/\/ringwald-energieberatung.de\/#\/schema\/logo\/image\/\",\"url\":\"https:\/\/ringwald-energieberatung.de\/wp-content\/uploads\/2021\/08\/Ringwald-Energieberatung_Logo.jpg\",\"contentUrl\":\"https:\/\/ringwald-energieberatung.de\/wp-content\/uploads\/2021\/08\/Ringwald-Energieberatung_Logo.jpg\",\"width\":496,\"height\":224,\"caption\":\"Ringwald Energieberatung\"},\"image\":{\"@id\":\"https:\/\/ringwald-energieberatung.de\/#\/schema\/logo\/image\/\"}}]}<\/script>\n<!-- \/ Yoast SEO plugin. -->","yoast_head_json":{"title":"Kompetenzen - Ringwald Energieberatung","robots":{"index":"index","follow":"follow","max-snippet":"max-snippet:-1","max-image-preview":"max-image-preview:large","max-video-preview":"max-video-preview:-1"},"canonical":"https:\/\/ringwald-energieberatung.de\/index.php\/kompetenzen\/","og_locale":"de_DE","og_type":"article","og_title":"Kompetenzen - Ringwald Energieberatung","og_description":"KompetenzenChristian Ringwald Gepr\u00fcfter, unabh\u00e4ngiger Energieberater und bevollm\u00e4chtigter BezirksschornsteinfegerDurch meine \u00fcber 20-j\u00e4hrige Erfahrung als Schornsteinfeger habe ich umfassende M\u00f6glichkeiten im Bereich des Energiesparens kennengelernt. Dieses Wissen, das ich durch unz\u00e4hlige Heizungsaustausche immer wieder auf modernste, energieeffiziente Analagetechnik optimierte H\u00e4user in Kombination mit regenerativen Energien erworben habe, flie\u00dft in meine Energiekonzepte ein. Aus meinen Erfahrungswerten leiten sich [&hellip;]","og_url":"https:\/\/ringwald-energieberatung.de\/index.php\/kompetenzen\/","og_site_name":"Ringwald Energieberatung","article_modified_time":"2021-10-12T09:08:37+00:00","twitter_card":"summary_large_image","twitter_misc":{"Gesch\u00e4tzte Lesezeit":"9\u00a0Minuten"},"schema":{"@context":"https:\/\/schema.org","@graph":[{"@type":"WebPage","@id":"https:\/\/ringwald-energieberatung.de\/index.php\/kompetenzen\/","url":"https:\/\/ringwald-energieberatung.de\/index.php\/kompetenzen\/","name":"Kompetenzen - Ringwald Energieberatung","isPartOf":{"@id":"https:\/\/ringwald-energieberatung.de\/#website"},"datePublished":"2021-08-12T11:58:43+00:00","dateModified":"2021-10-12T09:08:37+00:00","breadcrumb":{"@id":"https:\/\/ringwald-energieberatung.de\/index.php\/kompetenzen\/#breadcrumb"},"inLanguage":"de","potentialAction":[{"@type":"ReadAction","target":["https:\/\/ringwald-energieberatung.de\/index.php\/kompetenzen\/"]}]},{"@type":"BreadcrumbList","@id":"https:\/\/ringwald-energieberatung.de\/index.php\/kompetenzen\/#breadcrumb","itemListElement":[{"@type":"ListItem","position":1,"name":"Startseite","item":"https:\/\/ringwald-energieberatung.de\/"},{"@type":"ListItem","position":2,"name":"Kompetenzen"}]},{"@type":"WebSite","@id":"https:\/\/ringwald-energieberatung.de\/#website","url":"https:\/\/ringwald-energieberatung.de\/","name":"Ringwald Energieberatung","description":"Energie sinnvoll nutzen!","publisher":{"@id":"https:\/\/ringwald-energieberatung.de\/#organization"},"potentialAction":[{"@type":"SearchAction","target":{"@type":"EntryPoint","urlTemplate":"https:\/\/ringwald-energieberatung.de\/?s={search_term_string}"},"query-input":"required name=search_term_string"}],"inLanguage":"de"},{"@type":"Organization","@id":"https:\/\/ringwald-energieberatung.de\/#organization","name":"Ringwald Energieberatung","url":"https:\/\/ringwald-energieberatung.de\/","logo":{"@type":"ImageObject","inLanguage":"de","@id":"https:\/\/ringwald-energieberatung.de\/#\/schema\/logo\/image\/","url":"https:\/\/ringwald-energieberatung.de\/wp-content\/uploads\/2021\/08\/Ringwald-Energieberatung_Logo.jpg","contentUrl":"https:\/\/ringwald-energieberatung.de\/wp-content\/uploads\/2021\/08\/Ringwald-Energieberatung_Logo.jpg","width":496,"height":224,"caption":"Ringwald Energieberatung"},"image":{"@id":"https:\/\/ringwald-energieberatung.de\/#\/schema\/logo\/image\/"}}]}},"_links":{"self":[{"href":"https:\/\/ringwald-energieberatung.de\/index.php\/wp-json\/wp\/v2\/pages\/229","targetHints":{"allow":["GET"]}}],"collection":[{"href":"https:\/\/ringwald-energieberatung.de\/index.php\/wp-json\/wp\/v2\/pages"}],"about":[{"href":"https:\/\/ringwald-energieberatung.de\/index.php\/wp-json\/wp\/v2\/types\/page"}],"author":[{"embeddable":true,"href":"https:\/\/ringwald-energieberatung.de\/index.php\/wp-json\/wp\/v2\/users\/3"}],"replies":[{"embeddable":true,"href":"https:\/\/ringwald-energieberatung.de\/index.php\/wp-json\/wp\/v2\/comments?post=229"}],"version-history":[{"count":19,"href":"https:\/\/ringwald-energieberatung.de\/index.php\/wp-json\/wp\/v2\/pages\/229\/revisions"}],"predecessor-version":[{"id":545,"href":"https:\/\/ringwald-energieberatung.de\/index.php\/wp-json\/wp\/v2\/pages\/229\/revisions\/545"}],"wp:attachment":[{"href":"https:\/\/ringwald-energieberatung.de\/index.php\/wp-json\/wp\/v2\/media?parent=229"}],"curies":[{"name":"wp","href":"https:\/\/api.w.org\/{rel}","templated":true}]}}